{"id":146,"date":"2013-08-31T17:02:27","date_gmt":"2013-08-31T15:02:27","guid":{"rendered":"http:\/\/zodor.se\/productions\/?page_id=146"},"modified":"2018-06-13T20:34:38","modified_gmt":"2018-06-13T18:34:38","slug":"sd-business","status":"publish","type":"page","link":"https:\/\/zodor.se\/productions\/iphone-apps\/sd-business\/","title":{"rendered":"SD Business"},"content":{"rendered":"<p><img decoding=\"async\" id=\"sdbusiness_logo\" style=\"float: left; padding: 10px;\" src=\"\/productions\/wp-content\/uploads\/2013\/08\/BWP_Retina.png\" alt=\"\" \/><\/p>\n<h3 style=\"padding-top: 10px;\"><strong>SD Business \u00e4r min f\u00f6rsta iPhone-app f\u00f6r Securitas Direct AB.<\/strong><\/h3>\n<p style=\"padding-top: 20px;\">The app controls camera alarm systems.<\/p>\n<div>\n<div style=\"float: right; padding-top: 20px;\"><a href=\"https:\/\/itunes.apple.com\/se\/app\/sd-business\/id599990061?mt=8\"><img decoding=\"async\" src=\"\/productions\/wp-content\/uploads\/2013\/08\/Available_on_the_App_Store_Badge_US-UK_135x40.png\" \/><\/a><\/div>\n<\/div>\n<p style=\"padding-bottom: 20px;\">\n","protected":false},"excerpt":{"rendered":"<p>SD Business \u00e4r min f\u00f6rsta iPhone-app f\u00f6r Securitas Direct AB. The app controls camera alarm systems.<\/p>\n","protected":false},"author":1,"featured_media":0,"parent":59,"menu_order":0,"comment_status":"open","ping_status":"open","template":"","meta":{"footnotes":""},"_links":{"self":[{"href":"https:\/\/zodor.se\/productions\/wp-json\/wp\/v2\/pages\/146"}],"collection":[{"href":"https:\/\/zodor.se\/productions\/wp-json\/wp\/v2\/pages"}],"about":[{"href":"https:\/\/zodor.se\/productions\/wp-json\/wp\/v2\/types\/page"}],"author":[{"embeddable":true,"href":"https:\/\/zodor.se\/productions\/wp-json\/wp\/v2\/users\/1"}],"replies":[{"embeddable":true,"href":"https:\/\/zodor.se\/productions\/wp-json\/wp\/v2\/comments?post=146"}],"version-history":[{"count":8,"href":"https:\/\/zodor.se\/productions\/wp-json\/wp\/v2\/pages\/146\/revisions"}],"predecessor-version":[{"id":637,"href":"https:\/\/zodor.se\/productions\/wp-json\/wp\/v2\/pages\/146\/revisions\/637"}],"up":[{"embeddable":true,"href":"https:\/\/zodor.se\/productions\/wp-json\/wp\/v2\/pages\/59"}],"wp:attachment":[{"href":"https:\/\/zodor.se\/productions\/wp-json\/wp\/v2\/media?parent=146"}],"curies":[{"name":"wp","href":"https:\/\/api.w.org\/{rel}","templated":true}]}}