{"id":157,"date":"2013-09-03T19:21:23","date_gmt":"2013-09-03T17:21:23","guid":{"rendered":"http:\/\/zodor.se\/productions\/?page_id=157"},"modified":"2021-11-29T11:40:30","modified_gmt":"2021-11-29T10:40:30","slug":"request-for-proposal","status":"publish","type":"page","link":"https:\/\/zodor.se\/productions\/request-for-proposal\/","title":{"rendered":"Kontakt"},"content":{"rendered":"<p><a href=\"https:\/\/zodor.se\/productions\/wp-content\/uploads\/2018\/06\/me_cowboy.jpg\"><img loading=\"lazy\" decoding=\"async\" class=\"alignnone size-medium wp-image-389\" src=\"https:\/\/zodor.se\/productions\/wp-content\/uploads\/2018\/06\/me_cowboy.jpg\" alt=\"Mikael\" width=\"248\" height=\"300\" \/><\/a><br \/>Jag har en hel del tj\u00e4nster i min portf\u00f6lj som s\u00e4kert kan vara av intresse f\u00f6r dig. Skicka ett meddelandet p\u00e5 min Facebook-sida f\u00f6r att kontakta mig<\/p>\n<p>\u00a0<\/p>\n\n\n<p><a href=\"https:\/\/www.facebook.com\/zodorproductions\/\">https:\/\/www.facebook.com\/zodorproductions\/<\/a><\/p>\n","protected":false},"excerpt":{"rendered":"<p>Jag har en hel del tj\u00e4nster i min portf\u00f6lj som s\u00e4kert kan vara av intresse f\u00f6r dig. Skicka ett meddelandet p\u00e5 min Facebook-sida f\u00f6r att kontakta mig \u00a0 https:\/\/www.facebook.com\/zodorproductions\/<\/p>\n","protected":false},"author":1,"featured_media":0,"parent":0,"menu_order":0,"comment_status":"open","ping_status":"open","template":"","meta":{"footnotes":""},"_links":{"self":[{"href":"https:\/\/zodor.se\/productions\/wp-json\/wp\/v2\/pages\/157"}],"collection":[{"href":"https:\/\/zodor.se\/productions\/wp-json\/wp\/v2\/pages"}],"about":[{"href":"https:\/\/zodor.se\/productions\/wp-json\/wp\/v2\/types\/page"}],"author":[{"embeddable":true,"href":"https:\/\/zodor.se\/productions\/wp-json\/wp\/v2\/users\/1"}],"replies":[{"embeddable":true,"href":"https:\/\/zodor.se\/productions\/wp-json\/wp\/v2\/comments?post=157"}],"version-history":[{"count":11,"href":"https:\/\/zodor.se\/productions\/wp-json\/wp\/v2\/pages\/157\/revisions"}],"predecessor-version":[{"id":739,"href":"https:\/\/zodor.se\/productions\/wp-json\/wp\/v2\/pages\/157\/revisions\/739"}],"wp:attachment":[{"href":"https:\/\/zodor.se\/productions\/wp-json\/wp\/v2\/media?parent=157"}],"curies":[{"name":"wp","href":"https:\/\/api.w.org\/{rel}","templated":true}]}}