{"id":164,"date":"2013-09-17T08:44:40","date_gmt":"2013-09-17T06:44:40","guid":{"rendered":"http:\/\/zodor.se\/productions\/?page_id=164"},"modified":"2018-06-13T20:29:43","modified_gmt":"2018-06-13T18:29:43","slug":"kropp-i-fokus","status":"publish","type":"page","link":"https:\/\/zodor.se\/productions\/iphone-apps\/kropp-i-fokus\/","title":{"rendered":"Kropp i Fokus"},"content":{"rendered":"<p><img decoding=\"async\" id=\"vectorizer_logo\" style=\"float: left; padding: 10px; margin: 0px;\" src=\"\/productions\/wp-content\/uploads\/2013\/08\/Green_LeafLeaf_large1.png\" alt=\"My Far Apart Friends\" width=\"80\" \/><\/p>\n<h3 style=\"padding-top: 10px;\"><strong>Kropp i Fokus.<\/strong><\/h3>\n<p style=\"padding-top: 20px;\">Detta \u00e4r en app d\u00e4r man kan boka behandlingar och l\u00e4sa nyheter hos min frus massage-f\u00f6retag.<\/p>\n<div>\n<div style=\"float: right; padding-top: 20px;\"><a href=\"https:\/\/itunes.apple.com\/us\/app\/kropp-i-fokus\/id702487888\"><img decoding=\"async\" src=\"\/productions\/wp-content\/uploads\/2013\/08\/Available_on_the_App_Store_Badge_US-UK_135x40.png\" alt=\"My Far Apart Friends\" \/><\/a><\/div>\n<\/div>\n","protected":false},"excerpt":{"rendered":"<p>Kropp i Fokus. Detta \u00e4r en app d\u00e4r man kan boka behandlingar och l\u00e4sa nyheter hos min frus massage-f\u00f6retag.<\/p>\n","protected":false},"author":2,"featured_media":0,"parent":59,"menu_order":0,"comment_status":"open","ping_status":"open","template":"","meta":{"footnotes":""},"_links":{"self":[{"href":"https:\/\/zodor.se\/productions\/wp-json\/wp\/v2\/pages\/164"}],"collection":[{"href":"https:\/\/zodor.se\/productions\/wp-json\/wp\/v2\/pages"}],"about":[{"href":"https:\/\/zodor.se\/productions\/wp-json\/wp\/v2\/types\/page"}],"author":[{"embeddable":true,"href":"https:\/\/zodor.se\/productions\/wp-json\/wp\/v2\/users\/2"}],"replies":[{"embeddable":true,"href":"https:\/\/zodor.se\/productions\/wp-json\/wp\/v2\/comments?post=164"}],"version-history":[{"count":13,"href":"https:\/\/zodor.se\/productions\/wp-json\/wp\/v2\/pages\/164\/revisions"}],"predecessor-version":[{"id":635,"href":"https:\/\/zodor.se\/productions\/wp-json\/wp\/v2\/pages\/164\/revisions\/635"}],"up":[{"embeddable":true,"href":"https:\/\/zodor.se\/productions\/wp-json\/wp\/v2\/pages\/59"}],"wp:attachment":[{"href":"https:\/\/zodor.se\/productions\/wp-json\/wp\/v2\/media?parent=164"}],"curies":[{"name":"wp","href":"https:\/\/api.w.org\/{rel}","templated":true}]}}