{"id":2,"date":"2013-06-05T18:32:19","date_gmt":"2013-06-05T18:32:19","guid":{"rendered":"http:\/\/zodor.se\/productions\/?page_id=2"},"modified":"2015-05-24T18:23:38","modified_gmt":"2015-05-24T16:23:38","slug":"exempelsida","status":"publish","type":"page","link":"https:\/\/zodor.se\/productions\/exempelsida\/","title":{"rendered":"Dr\u00f6mmar"},"content":{"rendered":"<p>Har du f\u00e5tt en id\u00e9 men du har inte haft tid eller kunskap f\u00f6r att f\u00e5 g\u00f6ra realitet av dina ide\u00e9r.<\/p>\n<blockquote><p>Det \u00e4r d\u00e4r Zodor Productions kommer in i bilden.<\/p><\/blockquote>\n<p>Vad kan jag g\u00f6ra f\u00f6r dig ?<\/p>\n<blockquote><p>Kontakta mig med dina ide\u00e9r s\u00e5 funderar vi tillsammans fram en applikation eller hemsida som passar dina behov.<\/p><\/blockquote>\n<p>Har du behov av unix-expertis. D\u00e5 har du kommit r\u00e4tt. Jag har jobbat som unix-expert i m\u00e5nga \u00e5r och kan utveckla dom skript eller program som du vill ha i dessa milj\u00f6er.<\/p>\n<p>&nbsp;<\/p>\n","protected":false},"excerpt":{"rendered":"<p>Har du f\u00e5tt en id\u00e9 men du har inte haft tid eller kunskap f\u00f6r att f\u00e5 g\u00f6ra realitet av dina ide\u00e9r. Det \u00e4r d\u00e4r Zodor Productions kommer in i bilden. Vad kan jag g\u00f6ra f\u00f6r dig ? Kontakta mig med dina ide\u00e9r s\u00e5 funderar vi tillsammans fram en applikation eller hemsida som passar dina behov. &hellip; <\/p>\n<p class=\"link-more\"><a href=\"https:\/\/zodor.se\/productions\/exempelsida\/\" class=\"more-link\">Forts\u00e4tt l\u00e4sa<span class=\"screen-reader-text\"> \u201dDr\u00f6mmar\u201d<\/span><\/a><\/p>\n","protected":false},"author":1,"featured_media":8,"parent":0,"menu_order":0,"comment_status":"open","ping_status":"open","template":"","meta":{"footnotes":""},"_links":{"self":[{"href":"https:\/\/zodor.se\/productions\/wp-json\/wp\/v2\/pages\/2"}],"collection":[{"href":"https:\/\/zodor.se\/productions\/wp-json\/wp\/v2\/pages"}],"about":[{"href":"https:\/\/zodor.se\/productions\/wp-json\/wp\/v2\/types\/page"}],"author":[{"embeddable":true,"href":"https:\/\/zodor.se\/productions\/wp-json\/wp\/v2\/users\/1"}],"replies":[{"embeddable":true,"href":"https:\/\/zodor.se\/productions\/wp-json\/wp\/v2\/comments?post=2"}],"version-history":[{"count":11,"href":"https:\/\/zodor.se\/productions\/wp-json\/wp\/v2\/pages\/2\/revisions"}],"predecessor-version":[{"id":410,"href":"https:\/\/zodor.se\/productions\/wp-json\/wp\/v2\/pages\/2\/revisions\/410"}],"wp:featuredmedia":[{"embeddable":true,"href":"https:\/\/zodor.se\/productions\/wp-json\/wp\/v2\/media\/8"}],"wp:attachment":[{"href":"https:\/\/zodor.se\/productions\/wp-json\/wp\/v2\/media?parent=2"}],"curies":[{"name":"wp","href":"https:\/\/api.w.org\/{rel}","templated":true}]}}