{"id":242,"date":"2013-12-22T16:47:19","date_gmt":"2013-12-22T15:47:19","guid":{"rendered":"http:\/\/zodor.se\/productions\/?page_id=242"},"modified":"2019-04-01T22:13:57","modified_gmt":"2019-04-01T20:13:57","slug":"nyheter-2","status":"publish","type":"page","link":"https:\/\/zodor.se\/productions\/nyheter-2\/","title":{"rendered":"Nyheter"},"content":{"rendered":"\n<p><\/p>\n\n\n\n<ul class=\"display-posts-listing\"><li class=\"listing-item\"><a class=\"image\" href=\"https:\/\/zodor.se\/productions\/cyber-security-services\/\"><img loading=\"lazy\" decoding=\"async\" width=\"150\" height=\"76\" src=\"https:\/\/zodor.se\/productions\/wp-content\/uploads\/2016\/06\/pentest.jpeg\" class=\"attachment-thumbnail size-thumbnail wp-post-image\" alt=\"\" sizes=\"100vw\" \/><\/a> <a class=\"title\" href=\"https:\/\/zodor.se\/productions\/cyber-security-services\/\">S\u00e4kerhet<\/a> <span class=\"date\">juni 5, 2016<\/span> <span class=\"excerpt-dash\">-<\/span> <span class=\"excerpt\">Har du fr\u00e5gor om s\u00e4kerhet. Kanske kontrollera att era l\u00f6senord \u00e4r starka nog. Se \u00f6ver din WiFi-router s\u00e5 att den&hellip; <span class=\"excerpt-more\"> &hellip; <p class=\"link-more\"><a href=\"https:\/\/zodor.se\/productions\/cyber-security-services\/\" class=\"more-link\">Forts\u00e4tt l\u00e4sa<span class=\"screen-reader-text\"> \u201dS\u00e4kerhet\u201d<\/span><\/a><\/p><\/span><\/span><\/li><li class=\"listing-item\"><a class=\"image\" href=\"https:\/\/zodor.se\/productions\/certified-integrator\/\"><img loading=\"lazy\" decoding=\"async\" width=\"150\" height=\"150\" src=\"https:\/\/zodor.se\/productions\/wp-content\/uploads\/2019\/03\/Certified_Integrator-150x150.png\" class=\"attachment-thumbnail size-thumbnail wp-post-image\" alt=\"\" sizes=\"100vw\" \/><\/a> <a class=\"title\" href=\"https:\/\/zodor.se\/productions\/certified-integrator\/\">Certified Integrator<\/a> <span class=\"date\">mars 4, 2019<\/span> <span class=\"excerpt-dash\">-<\/span> <span class=\"excerpt\">Finally I have taken my certificate and is now a Certified Integrator @ Entiros Integrations <span class=\"excerpt-more\"> &hellip; <p class=\"link-more\"><a href=\"https:\/\/zodor.se\/productions\/certified-integrator\/\" class=\"more-link\">Forts\u00e4tt l\u00e4sa<span class=\"screen-reader-text\"> \u201dCertified Integrator\u201d<\/span><\/a><\/p><\/span><\/span><\/li><li class=\"listing-item\"><a class=\"image\" href=\"https:\/\/zodor.se\/productions\/email-all-users\/\"><img loading=\"lazy\" decoding=\"async\" width=\"150\" height=\"150\" src=\"https:\/\/zodor.se\/productions\/wp-content\/uploads\/2018\/09\/icon-256x256-150x150.png\" class=\"attachment-thumbnail size-thumbnail wp-post-image\" alt=\"\" srcset=\"https:\/\/zodor.se\/productions\/wp-content\/uploads\/2018\/09\/icon-256x256-150x150.png 150w, https:\/\/zodor.se\/productions\/wp-content\/uploads\/2018\/09\/icon-256x256.png 256w\" sizes=\"100vw\" \/><\/a> <a class=\"title\" href=\"https:\/\/zodor.se\/productions\/email-all-users\/\">Email All Users<\/a> <span class=\"date\">september 1, 2018<\/span> <span class=\"excerpt-dash\">-<\/span> <span class=\"excerpt\">This is a WordPress plugin that creates a mailto - link to all registered users that has allowed mass email.&hellip; <span class=\"excerpt-more\"> &hellip; <p class=\"link-more\"><a href=\"https:\/\/zodor.se\/productions\/email-all-users\/\" class=\"more-link\">Forts\u00e4tt l\u00e4sa<span class=\"screen-reader-text\"> \u201dEmail All Users\u201d<\/span><\/a><\/p><\/span><\/span><\/li><li class=\"listing-item\"><a class=\"image\" href=\"https:\/\/zodor.se\/productions\/golf-hits-counter\/\"><img loading=\"lazy\" decoding=\"async\" width=\"150\" height=\"150\" src=\"https:\/\/zodor.se\/productions\/wp-content\/uploads\/2018\/06\/IMG_4846-150x150.png\" class=\"attachment-thumbnail size-thumbnail wp-post-image\" alt=\"\" sizes=\"100vw\" \/><\/a> <a class=\"title\" href=\"https:\/\/zodor.se\/productions\/golf-hits-counter\/\">Golf Hits Counter<\/a> <span class=\"date\">juni 15, 2018<\/span> <span class=\"excerpt-dash\">-<\/span> <span class=\"excerpt\">This simple golf hits counter app just does what it is named after. It counts (manually by you) all your&hellip; <span class=\"excerpt-more\"> &hellip; <p class=\"link-more\"><a href=\"https:\/\/zodor.se\/productions\/golf-hits-counter\/\" class=\"more-link\">Forts\u00e4tt l\u00e4sa<span class=\"screen-reader-text\"> \u201dGolf Hits Counter\u201d<\/span><\/a><\/p><\/span><\/span><\/li><li class=\"listing-item\"><a class=\"image\" href=\"https:\/\/zodor.se\/productions\/stenmarks-maskin-office-365\/\"><img loading=\"lazy\" decoding=\"async\" width=\"150\" height=\"72\" src=\"https:\/\/zodor.se\/productions\/wp-content\/uploads\/2018\/03\/stenmarksmaskin-150x72.png\" class=\"attachment-thumbnail size-thumbnail wp-post-image\" alt=\"\" sizes=\"100vw\" \/><\/a> <a class=\"title\" href=\"https:\/\/zodor.se\/productions\/stenmarks-maskin-office-365\/\">Stenmarks Maskin &#8211; Office 365<\/a> <span class=\"date\">mars 27, 2018<\/span> <span class=\"excerpt-dash\">-<\/span> <span class=\"excerpt\">Jag har migrerat Stenmarks Maskin's interna IT-milj\u00f6 till Office 365. B\u00e5de lagringsmilj\u00f6 till OneDrive samt interna mailsystem till Exchange Online. <span class=\"excerpt-more\"> &hellip; <p class=\"link-more\"><a href=\"https:\/\/zodor.se\/productions\/stenmarks-maskin-office-365\/\" class=\"more-link\">Forts\u00e4tt l\u00e4sa<span class=\"screen-reader-text\"> \u201dStenmarks Maskin &#8211; Office 365\u201d<\/span><\/a><\/p><\/span><\/span><\/li><li class=\"listing-item\"><a class=\"image\" href=\"https:\/\/zodor.se\/productions\/new-update-for-othello-crush\/\"><img loading=\"lazy\" decoding=\"async\" width=\"150\" height=\"150\" src=\"https:\/\/zodor.se\/productions\/wp-content\/uploads\/2017\/05\/Highscores-150x150.png\" class=\"attachment-thumbnail size-thumbnail wp-post-image\" alt=\"\" sizes=\"100vw\" \/><\/a> <a class=\"title\" href=\"https:\/\/zodor.se\/productions\/new-update-for-othello-crush\/\">New update for Othello Crush<\/a> <span class=\"date\">mars 19, 2018<\/span> <span class=\"excerpt-dash\">-<\/span> <span class=\"excerpt\">Now you can win cool items in Othello Crush to be able to gain an opportunity over your opponent. Drop&hellip; <span class=\"excerpt-more\"> &hellip; <p class=\"link-more\"><a href=\"https:\/\/zodor.se\/productions\/new-update-for-othello-crush\/\" class=\"more-link\">Forts\u00e4tt l\u00e4sa<span class=\"screen-reader-text\"> \u201dNew update for Othello Crush\u201d<\/span><\/a><\/p><\/span><\/span><\/li><li class=\"listing-item\"><a class=\"image\" href=\"https:\/\/zodor.se\/productions\/new-game-othello-crush\/\"><img loading=\"lazy\" decoding=\"async\" width=\"150\" height=\"150\" src=\"https:\/\/zodor.se\/productions\/wp-content\/uploads\/2017\/05\/Highscores-150x150.png\" class=\"attachment-thumbnail size-thumbnail wp-post-image\" alt=\"\" sizes=\"100vw\" \/><\/a> <a class=\"title\" href=\"https:\/\/zodor.se\/productions\/new-game-othello-crush\/\">New Game: Othello Crush<\/a> <span class=\"date\">maj 23, 2017<\/span> <span class=\"excerpt-dash\">-<\/span> <span class=\"excerpt\">Now is my new iPhone\/iPad Game released. A variant of the old Othello but with a little twist. Read More\u00a0 <span class=\"excerpt-more\"> &hellip; <p class=\"link-more\"><a href=\"https:\/\/zodor.se\/productions\/new-game-othello-crush\/\" class=\"more-link\">Forts\u00e4tt l\u00e4sa<span class=\"screen-reader-text\"> \u201dNew Game: Othello Crush\u201d<\/span><\/a><\/p><\/span><\/span><\/li><li class=\"listing-item\"><a class=\"image\" href=\"https:\/\/zodor.se\/productions\/hemsida-bistro-serrano\/\"><img loading=\"lazy\" decoding=\"async\" width=\"150\" height=\"150\" src=\"https:\/\/zodor.se\/productions\/wp-content\/uploads\/2017\/04\/logga_webben-150x150.png\" class=\"attachment-thumbnail size-thumbnail wp-post-image\" alt=\"\" sizes=\"100vw\" \/><\/a> <a class=\"title\" href=\"https:\/\/zodor.se\/productions\/hemsida-bistro-serrano\/\">Hemsida f\u00f6r Bistro Serrano<\/a> <span class=\"date\">april 5, 2017<\/span> <span class=\"excerpt-dash\">-<\/span> <span class=\"excerpt\">Laszlos krog i Link\u00f6ping har f\u00e5tt en systerrestaurang i Mj\u00f6lby som heter Bistro Serrano. Dom har som tyngdpunkt, spansk Tapas. <span class=\"excerpt-more\"> &hellip; <p class=\"link-more\"><a href=\"https:\/\/zodor.se\/productions\/hemsida-bistro-serrano\/\" class=\"more-link\">Forts\u00e4tt l\u00e4sa<span class=\"screen-reader-text\"> \u201dHemsida f\u00f6r Bistro Serrano\u201d<\/span><\/a><\/p><\/span><\/span><\/li><li class=\"listing-item\"><a class=\"image\" href=\"https:\/\/zodor.se\/productions\/ny-hemsida-for-franzens-ekokott\/\"><img loading=\"lazy\" decoding=\"async\" width=\"150\" height=\"150\" src=\"https:\/\/zodor.se\/productions\/wp-content\/uploads\/2016\/06\/Franzens-Ekok\u00f6tt-10-Pano-1024x332-150x150.jpg\" class=\"attachment-thumbnail size-thumbnail wp-post-image\" alt=\"\" sizes=\"100vw\" \/><\/a> <a class=\"title\" href=\"https:\/\/zodor.se\/productions\/ny-hemsida-for-franzens-ekokott\/\">Ny hemsida f\u00f6r Franz\u00e9ns Ekok\u00f6tt<\/a> <span class=\"date\">juni 16, 2016<\/span> <span class=\"excerpt-dash\">-<\/span> <span class=\"excerpt\">I dag driftsatte jag den\u00a0nya hemsidan f\u00f6r Franz\u00e9ns Ekok\u00f6tt i Hjulsbro, Link\u00f6ping. Bes\u00f6k den h\u00e4r:\u00a0http:\/\/franzensekokott.se <span class=\"excerpt-more\"> &hellip; <p class=\"link-more\"><a href=\"https:\/\/zodor.se\/productions\/ny-hemsida-for-franzens-ekokott\/\" class=\"more-link\">Forts\u00e4tt l\u00e4sa<span class=\"screen-reader-text\"> \u201dNy hemsida f\u00f6r Franz\u00e9ns Ekok\u00f6tt\u201d<\/span><\/a><\/p><\/span><\/span><\/li><li class=\"listing-item\"><a class=\"image\" href=\"https:\/\/zodor.se\/productions\/ny-hemsida-for-laszlog-krog-i-linkoping\/\"><img loading=\"lazy\" decoding=\"async\" width=\"150\" height=\"150\" src=\"https:\/\/zodor.se\/productions\/wp-content\/uploads\/2016\/04\/kock_som_hackar-1-150x150.jpg\" class=\"attachment-thumbnail size-thumbnail wp-post-image\" alt=\"\" sizes=\"100vw\" \/><\/a> <a class=\"title\" href=\"https:\/\/zodor.se\/productions\/ny-hemsida-for-laszlog-krog-i-linkoping\/\">Ny hemsida f\u00f6r Laszlos Krog i Link\u00f6ping<\/a> <span class=\"date\">april 26, 2016<\/span> <span class=\"excerpt-dash\">-<\/span> <span class=\"excerpt\">I dag hade jag \u00e4ran att f\u00e5 drifts\u00e4tta Laszlos krog och caterings nya webbplats. Bes\u00f6k den h\u00e4r: https:\/\/laszloskrog.se <span class=\"excerpt-more\"> &hellip; <p class=\"link-more\"><a href=\"https:\/\/zodor.se\/productions\/ny-hemsida-for-laszlog-krog-i-linkoping\/\" class=\"more-link\">Forts\u00e4tt l\u00e4sa<span class=\"screen-reader-text\"> \u201dNy hemsida f\u00f6r Laszlos Krog i Link\u00f6ping\u201d<\/span><\/a><\/p><\/span><\/span><\/li><\/ul>\n","protected":false},"excerpt":{"rendered":"","protected":false},"author":2,"featured_media":0,"parent":0,"menu_order":0,"comment_status":"open","ping_status":"open","template":"","meta":{"footnotes":""},"_links":{"self":[{"href":"https:\/\/zodor.se\/productions\/wp-json\/wp\/v2\/pages\/242"}],"collection":[{"href":"https:\/\/zodor.se\/productions\/wp-json\/wp\/v2\/pages"}],"about":[{"href":"https:\/\/zodor.se\/productions\/wp-json\/wp\/v2\/types\/page"}],"author":[{"embeddable":true,"href":"https:\/\/zodor.se\/productions\/wp-json\/wp\/v2\/users\/2"}],"replies":[{"embeddable":true,"href":"https:\/\/zodor.se\/productions\/wp-json\/wp\/v2\/comments?post=242"}],"version-history":[{"count":13,"href":"https:\/\/zodor.se\/productions\/wp-json\/wp\/v2\/pages\/242\/revisions"}],"predecessor-version":[{"id":705,"href":"https:\/\/zodor.se\/productions\/wp-json\/wp\/v2\/pages\/242\/revisions\/705"}],"wp:attachment":[{"href":"https:\/\/zodor.se\/productions\/wp-json\/wp\/v2\/media?parent=242"}],"curies":[{"name":"wp","href":"https:\/\/api.w.org\/{rel}","templated":true}]}}