{"id":386,"date":"2015-05-20T20:36:23","date_gmt":"2015-05-20T18:36:23","guid":{"rendered":"http:\/\/zodor.se\/productions\/?page_id=386"},"modified":"2016-04-25T15:11:34","modified_gmt":"2016-04-25T13:11:34","slug":"hemsidor","status":"publish","type":"page","link":"https:\/\/zodor.se\/productions\/hemsidor\/","title":{"rendered":"Hemsidor"},"content":{"rendered":"<p>H\u00e4r finns ett par exempel p\u00e5 hemsidor som jag skapat.<\/p>\n<section id=\"huge_it_portfolio_content_2\"\r\n         class=\"portfolio-gallery-content \"\r\n         data-portfolio-id=\"2\">\r\n\t<div id=\"huge-it-container-loading-overlay_2\"><\/div>\r\n\t\t\t\t\t\t<div id=\"huge_it_portfolio_container_2\"\r\n\t     class=\"huge_it_portfolio_container super-list variable-sizes clearfix view-full-height\"\r\n\t     data-show-loading=\"on\"\r\n\t     data-show-center=\"center\" >\r\n\t\t\t\t\t<div\r\n\t\t\t\tclass=\"portelement portelement_2 colorbox_grouping  \" data-symbol=\"Kropp i Fokus\" data-category=\"alkaline-earth\">\r\n                <p style=\"display:none;\" class=\"load_date\">2017-10-20 12:50:35<\/p>\r\n                <p style=\"display:none;\" class=\"number\">37<\/p>\r\n\t\t\t\t<div class=\"default-block_2\">\r\n\t\t\t\t\t<div class=\"image-block_2 add-H-relative\">\r\n\t\t\t\t\t\t\t\t\t\t\t\t\t\t\t\t\t\t\t\t\t<a href=\"https:\/\/zodor.se\/productions\/wp-content\/uploads\/2013\/08\/Green_LeafLeaf_large1.png\"\r\n\t\t\t\t\t\t\t\t\t   class=\" portfolio-group1-2 \"\r\n                                       data-description=\" MIn frus f\u00f6retag. Massage och H\u00e4lsoterapeut samt Personlig Tr\u00e4nare.\"\r\n\t\t\t\t\t\t\t\t\t   title=\"Kropp i Fokus\" data-groupID=\"1-2\">\r\n\t\t\t\t\t\t\t\t\t\t<img decoding=\"async\" alt=\"Kropp i Fokus\"\r\n\t\t\t\t\t\t\t\t\t\t     id=\"wd-cl-img0\" data-title=\" \"\r\n\t\t\t\t\t\t\t\t\t\t     src=\"https:\/\/zodor.se\/productions\/wp-content\/uploads\/2013\/08\/Green_LeafLeaf_large1.png\"\/>\r\n\t\t\t\t\t\t\t\t\t<\/a>\r\n\t\t\t\t\t\t\t\t\t\t\t\t\t\t<\/div>\r\n\t\t\t\t\t\t\t\t\t\t\t<div class=\"title-block_2\">\r\n\t\t\t\t\t\t\t<h3 class=\"title name \">Kropp i Fokus<\/h3>\r\n\t\t\t\t\t\t<\/div>\r\n\t\t\t\t\t\t\t\t\t<\/div>\r\n\r\n\t\t\t\t<div class=\"wd-portfolio-panel_2\" id=\"panel0\">\r\n\t\t\t\t\t\t\t\t\t\t\t<div class=\"description-block_2\">\r\n\t\t\t\t\t\t\t<p>MIn frus f\u00f6retag. Massage och H\u00e4lsoterapeut samt Personlig Tr\u00e4nare.<\/p>\r\n\t\t\t\t\t\t<\/div>\r\n\t\t\t\t\t\t\t\t\t\t\t<div class=\"button-block\">\r\n\t\t\t\t\t\t\t<a href=\"https:\/\/kroppifokus.se\/\" target=\"_blank\">View More<\/a>\r\n\t\t\t\t\t\t<\/div>\r\n\t\t\t\t\t\t\t\t\t<\/div>\r\n\t\t\t<\/div>\r\n\r\n\t\t\t\t\t\t<div\r\n\t\t\t\tclass=\"portelement portelement_2 colorbox_grouping  \" data-symbol=\"Franz\u00e9ns Ekok\u00f6tt\" data-category=\"alkaline-earth\">\r\n                <p style=\"display:none;\" class=\"load_date\">2017-10-20 12:50:35<\/p>\r\n                <p style=\"display:none;\" class=\"number\">33<\/p>\r\n\t\t\t\t<div class=\"default-block_2\">\r\n\t\t\t\t\t<div class=\"image-block_2 add-H-relative\">\r\n\t\t\t\t\t\t\t\t\t\t\t\t\t\t\t\t\t\t\t\t\t<a href=\"https:\/\/zodor.se\/productions\/wp-content\/uploads\/2016\/04\/logo.png\"\r\n\t\t\t\t\t\t\t\t\t   class=\" portfolio-group2-2 \"\r\n                                       data-description=\" Ekok\u00f6ttbutik i Hjulsbro, Link\u00f6ping\"\r\n\t\t\t\t\t\t\t\t\t   title=\"Franz\u00e9ns Ekok\u00f6tt\" data-groupID=\"2-2\">\r\n\t\t\t\t\t\t\t\t\t\t<img decoding=\"async\" alt=\"Franz\u00e9ns Ekok\u00f6tt\"\r\n\t\t\t\t\t\t\t\t\t\t     id=\"wd-cl-img1\" data-title=\" Franzens\"\r\n\t\t\t\t\t\t\t\t\t\t     src=\"https:\/\/zodor.se\/productions\/wp-content\/uploads\/2016\/04\/logo.png\"\/>\r\n\t\t\t\t\t\t\t\t\t<\/a>\r\n\t\t\t\t\t\t\t\t\t\t\t\t\t\t<\/div>\r\n\t\t\t\t\t\t\t\t\t\t\t<div class=\"title-block_2\">\r\n\t\t\t\t\t\t\t<h3 class=\"title name \">Franz\u00e9ns Ekok\u00f6tt<\/h3>\r\n\t\t\t\t\t\t<\/div>\r\n\t\t\t\t\t\t\t\t\t<\/div>\r\n\r\n\t\t\t\t<div class=\"wd-portfolio-panel_2\" id=\"panel1\">\r\n\t\t\t\t\t\t\t\t\t\t\t<div class=\"description-block_2\">\r\n\t\t\t\t\t\t\t<p>Ekok\u00f6ttbutik i Hjulsbro, Link\u00f6ping<\/p>\r\n\t\t\t\t\t\t<\/div>\r\n\t\t\t\t\t\t\t\t\t\t\t<div class=\"button-block\">\r\n\t\t\t\t\t\t\t<a href=\"http:\/\/franzensekokott.se\/butik\/\" target=\"_blank\">View More<\/a>\r\n\t\t\t\t\t\t<\/div>\r\n\t\t\t\t\t\t\t\t\t<\/div>\r\n\t\t\t<\/div>\r\n\r\n\t\t\t\t\t\t<div\r\n\t\t\t\tclass=\"portelement portelement_2 colorbox_grouping  \" data-symbol=\"Vectorizer Shop\" data-category=\"alkaline-earth\">\r\n                <p style=\"display:none;\" class=\"load_date\">2017-10-20 12:50:35<\/p>\r\n                <p style=\"display:none;\" class=\"number\">23<\/p>\r\n\t\t\t\t<div class=\"default-block_2\">\r\n\t\t\t\t\t<div class=\"image-block_2 add-H-relative\">\r\n\t\t\t\t\t\t\t\t\t\t\t\t\t\t\t\t\t\t\t\t\t<a href=\"http:\/\/zodor.se\/productions\/wp-content\/uploads\/2013\/08\/ikon_144x144.png\"\r\n\t\t\t\t\t\t\t\t\t   class=\" portfolio-group3-2 \"\r\n                                       data-description=\" En site d\u00e4r man kan hantera sina best\u00e4llningar som man gjort i iPhone-appen Vectorizer.\"\r\n\t\t\t\t\t\t\t\t\t   title=\"Vectorizer Shop\" data-groupID=\"3-2\">\r\n\t\t\t\t\t\t\t\t\t\t<img decoding=\"async\" alt=\"Vectorizer Shop\"\r\n\t\t\t\t\t\t\t\t\t\t     id=\"wd-cl-img2\" data-title=\" ikon_144x144\"\r\n\t\t\t\t\t\t\t\t\t\t     src=\"https:\/\/zodor.se\/productions\/wp-content\/uploads\/2013\/08\/ikon_144x144.png\"\/>\r\n\t\t\t\t\t\t\t\t\t<\/a>\r\n\t\t\t\t\t\t\t\t\t\t\t\t\t\t<\/div>\r\n\t\t\t\t\t\t\t\t\t\t\t<div class=\"title-block_2\">\r\n\t\t\t\t\t\t\t<h3 class=\"title name \">Vectorizer Shop<\/h3>\r\n\t\t\t\t\t\t<\/div>\r\n\t\t\t\t\t\t\t\t\t<\/div>\r\n\r\n\t\t\t\t<div class=\"wd-portfolio-panel_2\" id=\"panel2\">\r\n\t\t\t\t\t\t\t\t\t\t\t<div class=\"description-block_2\">\r\n\t\t\t\t\t\t\t<p>En site d\u00e4r man kan hantera sina best\u00e4llningar som man gjort i iPhone-appen Vectorizer.<\/p>\r\n\t\t\t\t\t\t<\/div>\r\n\t\t\t\t\t\t\t\t\t\t\t<div class=\"button-block\">\r\n\t\t\t\t\t\t\t<a href=\"http:\/\/oeb-designs.se\/\" target=\"_blank\">View More<\/a>\r\n\t\t\t\t\t\t<\/div>\r\n\t\t\t\t\t\t\t\t\t<\/div>\r\n\t\t\t<\/div>\r\n\r\n\t\t\t\t\t\t<div\r\n\t\t\t\tclass=\"portelement portelement_2 colorbox_grouping  \" data-symbol=\"Gracilis Massageterapi &amp; Friskv\u00e5rd\" data-category=\"alkaline-earth\">\r\n                <p style=\"display:none;\" class=\"load_date\">2017-10-20 12:50:35<\/p>\r\n                <p style=\"display:none;\" class=\"number\">17<\/p>\r\n\t\t\t\t<div class=\"default-block_2\">\r\n\t\t\t\t\t<div class=\"image-block_2 add-H-relative\">\r\n\t\t\t\t\t\t\t\t\t\t\t\t\t\t\t\t\t\t\t\t\t<a href=\"http:\/\/zodor.se\/productions\/wp-content\/uploads\/2014\/02\/gracilis_nyare_transparent-Copy.png\"\r\n\t\t\t\t\t\t\t\t\t   class=\" portfolio-group4-2 \"\r\n                                       data-description=\" Massagef\u00f6retag i Nyk\u00f6ping\"\r\n\t\t\t\t\t\t\t\t\t   title=\"Gracilis Massageterapi &amp; Friskv\u00e5rd\" data-groupID=\"4-2\">\r\n\t\t\t\t\t\t\t\t\t\t<img decoding=\"async\" alt=\"Gracilis Massageterapi &amp; Friskv\u00e5rd\"\r\n\t\t\t\t\t\t\t\t\t\t     id=\"wd-cl-img3\" data-title=\" gracilis_nyare_transparent - Copy\"\r\n\t\t\t\t\t\t\t\t\t\t     src=\"https:\/\/zodor.se\/productions\/wp-content\/uploads\/2014\/02\/gracilis_nyare_transparent-Copy.png\"\/>\r\n\t\t\t\t\t\t\t\t\t<\/a>\r\n\t\t\t\t\t\t\t\t\t\t\t\t\t\t<\/div>\r\n\t\t\t\t\t\t\t\t\t\t\t<div class=\"title-block_2\">\r\n\t\t\t\t\t\t\t<h3 class=\"title name \">Gracilis Massageterapi & Friskv\u00e5rd<\/h3>\r\n\t\t\t\t\t\t<\/div>\r\n\t\t\t\t\t\t\t\t\t<\/div>\r\n\r\n\t\t\t\t<div class=\"wd-portfolio-panel_2\" id=\"panel3\">\r\n\t\t\t\t\t\t\t\t\t\t\t<div class=\"description-block_2\">\r\n\t\t\t\t\t\t\t<p>Massagef\u00f6retag i Nyk\u00f6ping<\/p>\r\n\t\t\t\t\t\t<\/div>\r\n\t\t\t\t\t\t\t\t\t\t\t<div class=\"button-block\">\r\n\t\t\t\t\t\t\t<a href=\"http:\/\/gracilis.se\/home\/\" target=\"_blank\">View More<\/a>\r\n\t\t\t\t\t\t<\/div>\r\n\t\t\t\t\t\t\t\t\t<\/div>\r\n\t\t\t<\/div>\r\n\r\n\t\t\t\t<\/div>\r\n<\/section><style>\r\n.portelement_2 .play-icon.youtube-icon  {\r\n\tbackground: url(https:\/\/zodor.se\/productions\/wp-content\/plugins\/portfolio-gallery\/assets\/images\/admin_images\/play.youtube.png) center center no-repeat;\r\n\tbackground-size: 30% 30%;\r\n}\r\n.portelement_2 .play-icon.vimeo-icon  {\r\n\tbackground: url(https:\/\/zodor.se\/productions\/wp-content\/plugins\/portfolio-gallery\/assets\/images\/admin_images\/play.vimeo.png) center center no-repeat;\r\n\tbackground-size: 30% 30%;\r\n}\r\n.portelement_2 .play-icon {\r\n\tposition: absolute;\r\n\ttop : 0;\r\n\tleft : 0;\r\n\twidth: 100%;\r\n\theight: 100%;\r\n}\r\n.portelement_2 .add-H-relative {\r\n\tposition: relative;\r\n}\r\n.portelement_2 {\r\n\twidth: 277px !important;\r\n\tmax-width: calc(100% - 10px);\r\n\theight:auto;\r\n\tmargin: 5px 0 5px 0;\r\n\tfloat: left;\r\n\toverflow: hidden;\r\n\tposition: relative;\r\n\toutline:none;\r\n\tbackground:#f7f7f7;\r\n\tborder:1px solid #D0D0D0;\r\n\tbox-sizing: border-box;\r\n}\r\n\r\n.default-block_2 {\r\n\tposition:relative;;\r\n\twidth:100%;\r\n}\r\n\r\n.default-block_2 .image-block_2 {\r\n\tmargin :0;\r\n\tpadding :0;\r\n\tline-height :0;\r\n\tborder-bottom:1px solid #D0D0D0;\r\n}\r\n\r\n.default-block_2 img {\r\n\tmargin :0 !important;\r\n\tpadding :0 !important;\r\n\twidth: 100%;\r\n\tborder-radius :0;\r\n        display: inline-block;\r\n}\r\n\r\n.default-block_2 .title-block_2 {\r\n\tdisplay:block;\r\n\theight:auto;\r\n\tpadding:10px 0 10px 0;\r\n\twidth:100%;\r\n\ttext-overflow: ellipsis;\r\n}\r\n\r\n.default-block_2 .title-block_2 h3 {\r\n\tposition:relative;\r\n\tmargin :0 !important;\r\n\tpadding :0 5px 0 5px !important;\r\n\tmax-width:275px !important;\r\n\twidth: 100%;\r\n\ttext-overflow: ellipsis;\r\n\toverflow: hidden;\r\n\t\/*white-space:nowrap;*\/\r\n\tfont-weight:normal;\r\n\tcolor:#555555;\r\n\tfont-size:15px !important;\r\n\tline-height:19px !important;\r\n}\r\n\r\n\r\n.wd-portfolio-panel_2 {\r\n\tposition: relative;\r\n\tdisplay:block;\r\n\twidth: calc(100% - 10px);\r\n\tmargin:0 5px 0 5px;\r\n\tpadding :0;\r\n\ttext-align:left;\r\n}\r\n\r\n.wd-portfolio-panel_2 .description-block_2 p,.wd-portfolio-panel_2 .description-block_2 * {\r\n\ttext-align:justify;\r\n\tfont-size:14px !important;\r\n\tcolor:#5b5b5b;\r\n\tmargin :0 !important;\r\n\tpadding :0 !important;\r\n}\r\n\r\n\r\n.wd-portfolio-panel_2 .description-block_2 h1,\r\n.wd-portfolio-panel_2 .description-block_2 h2,\r\n.wd-portfolio-panel_2 .description-block_2 h3,\r\n.wd-portfolio-panel_2 .description-block_2 h4,\r\n.wd-portfolio-panel_2 .description-block_2 h5,\r\n.wd-portfolio-panel_2 .description-block_2 h6,\r\n.wd-portfolio-panel_2 .description-block_2 p,\r\n.wd-portfolio-panel_2 .description-block_2 strong,\r\n.wd-portfolio-panel_2 .description-block_2 span {\r\n\tpadding:2px !important;\r\n\tmargin :0 !important;\r\n}\r\n\r\n.wd-portfolio-panel_2 .description-block_2 ul,\r\n.wd-portfolio-panel_2 .description-block_2 li {\r\n\tpadding:2px 0 2px 5px;\r\n\tmargin :0 0 0 8px;\r\n}\r\n\r\n\r\n.wd-portfolio-panel_2 .thumbs-list_2 {\r\n\tlist-style:none;\r\n\tclear:both;\r\n\tdisplay:table;\r\n\twidth:100%;\r\n\tpadding :0;\r\n\tmargin:3px 0 0 0;\r\n\ttext-align:center;\r\n}\r\n\r\n.wd-portfolio-panel_2 .thumbs-list_2 li {\r\n\tdisplay:inline-block;\r\n\tmargin :0 3px 0 2px;\r\n}\r\n\r\n.wd-portfolio-panel_2 .thumbs-list_2 li a {\r\n\tdisplay:block;\r\n\twidth:75px;\r\n\theight:75px;\r\n\topacity:0.7;\r\n\tdisplay:table;\r\n\tborder: none;\r\n\tbox-shadow: none;\r\n\r\n}\r\n\r\n.wd-portfolio-panel_2 .thumbs-list_2 li a:hover {\r\n\topacity:1;\r\n}\r\n\r\n.wd-portfolio-panel_2 img {\r\n\tmargin :0 !important;\r\n\tpadding :0 !important;\r\n\tdisplay:table-cell;\r\n\tvertical-align:middle;\r\n\twidth:75px !important;\r\n\tmax-height:75px !important;\r\n\twidth:100%;\r\n\theight:100%;\r\n}\r\n\r\n.wd-portfolio-panel_2 > div {\r\n\tpadding-top:10px;\r\n\tmargin-bottom:10px;\r\n\tbackground:url('https:\/\/zodor.se\/productions\/wp-content\/plugins\/portfolio-gallery\/assets\/images\/admin_images\/divider.line.png') center top repeat-x;\r\n}\r\n\r\n.wd-portfolio-panel_2 .button-block {\r\n\tpadding-top:10px;\r\n\tmargin-bottom:10px;\r\n\r\n}\r\n\r\n.wd-portfolio-panel_2 .button-block a, .wd-portfolio-panel_2 .button-block a:link, .wd-portfolio-panel_2 .button-block a:visited {\r\n\tpadding:10px;\r\n\tdisplay:inline-block;\r\n\tfont-size:14px;\r\n\tbackground:#e74c3c;\r\n\tcolor:#ffffff;\r\n\tpadding:6px 12px;\r\n\ttext-decoration:none;\r\n}\r\n\r\n.wd-portfolio-panel_2 .button-block a:hover, .wd-portfolio-panel_2 .button-block a:focus, .wd-portfolio-panel_2 .button-block a:active {\r\n\tbackground:#df2e1b;\r\n\tcolor:#ffffff;\r\n\ttext-decoration:none;\r\n}\r\n\r\n#huge_it_portfolio_content_2 #huge_it_portfolio_options_2 {\r\n\tposition: relative;\r\n\toverflow: hidden;\r\nfloat:;margin-top:5px;max-width:180px;width:20%;display:inline-block;margin-left:1%;\r\nopacity: 0;\tmargin-bottom: 10px;\r\n}\r\n\r\n#huge_it_portfolio_content_2 #huge_it_portfolio_options_2 ul {\r\n\tmargin : 0 !important;\r\n\tpadding : 0 !important;\r\n\tlist-style: none;\r\n}\r\n\r\n#huge_it_portfolio_content_2 #huge_it_portfolio_filters_2 ul {\r\n\tmargin : 0 !important;\r\n\tpadding : 0 !important;\r\n\toverflow: hidden;\r\n\twidth: 100%;\r\n}\r\n\r\n#huge_it_portfolio_content_2 #huge_it_portfolio_options_2 ul {\r\n\tfloat: left;\r\n}\r\n\r\n\r\n#huge_it_portfolio_content_2 #huge_it_portfolio_options_2 ul li {\r\n\tborder-radius: 0px;\r\n\tlist-style-type: none;\r\n\tmargin : 0 !important;\r\n\tpadding: 0;\r\nborder: 1px solid #ccc;}\r\n\r\n#huge_it_portfolio_content_2 #huge_it_portfolio_options_2 ul li a {\r\n\tbackground-color: #F7F7F7 !important;\r\n\tborder-radius: 0px;\r\n\tfont-size:14px !important;\r\n\tcolor:#555555 !important;\r\n\ttext-decoration: none;\r\n\tcursor: pointer;\r\n\tmargin : 0 !important;\r\n\tdisplay: block;\r\n\tpadding:3px;\r\n}\r\n\r\n#huge_it_portfolio_content_2 #huge_it_portfolio_options_2 ul li a:hover {\r\n\tbackground-color: #FF3845 !important;\r\n\tcolor:#ffffff !important;\r\n\tcursor: pointer;\r\n}\r\n\r\n#huge_it_portfolio_content_2 #huge_it_portfolio_filters_2 {\r\n\tposition: relative;\r\n\toverflow: hidden;\r\nfloat:;margin-top:5px;max-width:180px;width:20%;display:inline-block;margin-left:1%;\r\nopacity: 0;}\r\n\r\n#huge_it_portfolio_content_2 #huge_it_portfolio_filters_2 ul li {\r\n\tlist-style-type: none;\r\n\tborder-radius: 0px;\r\nborder: 1px solid #ccc;}\r\n\r\n#huge_it_portfolio_content_2 #huge_it_portfolio_filters_2 ul li a {\r\n\tfont-size:14px !important;\r\n\tcolor:#555555 !important;\r\n\tbackground-color: #F7F7F7 !important;\r\n\tborder-radius: 0px;\r\n\tpadding:3px;\r\n\tdisplay: block;\r\n\ttext-decoration: none;\r\n}\r\n\r\n#huge_it_portfolio_content_2 #huge_it_portfolio_filters_2  ul li a:hover {\r\n\tcolor:#ffffff !important;\r\n\tbackground-color: #FF3845 !important;\r\n\tcursor: pointer\r\n}\r\n#huge_it_portfolio_content_2 #huge_it_portfolio_filters_2 ul li.active a,\r\n#huge_it_portfolio_content_2 #huge_it_portfolio_filters_2 ul li.active a:link,\r\n#huge_it_portfolio_content_2 #huge_it_portfolio_filters_2 ul li.active a:visited,\r\n#huge_it_portfolio_content_2 #huge_it_portfolio_filters_2  ul li.active a:hover,\r\n#huge_it_portfolio_content_2 #huge_it_portfolio_filters_2  ul li.active a:focus,\r\n#huge_it_portfolio_content_2 #huge_it_portfolio_filters_2  ul li.active a:active {\r\n\tcolor:#ffffff !important;\r\n\tbackground-color: #FF3845 !important;\r\n\tcursor: pointer;\r\n}\r\n#huge_it_portfolio_content_2 section {\r\n\tposition:relative;\r\n\tdisplay:block;\r\n}\r\n\r\n#huge_it_portfolio_content_2 #huge_it_portfolio_container_2 {\r\n\twidth: 79%;\r\n\tmax-width: 100% !important;\r\nwidth:100%;opacity: 0;}\r\n#huge_it_portfolio_content_2 #huge_it_portfolio_options_2 #port-sort-direction{\r\n\tposition: static;\r\n}\r\n@media screen and (max-width: 768px) {\r\n\r\n\t#huge_it_portfolio_content_2 #huge_it_portfolio_filters_2 ul li a,\r\n\t#huge_it_portfolio_content_2 #huge_it_portfolio_filters_2 ul li a:link,\r\n\t#huge_it_portfolio_content_2 #huge_it_portfolio_filters_2 ul li a:visited {\r\n\t\tfont-size: 2vw !important;\r\n\t}\r\n\t#huge_it_portfolio_content_2 #huge_it_portfolio_options_2 ul li a {\r\n\t\tfont-size:2vw !important;\r\n\t}\r\n\r\n}\r\n@media screen and (max-width: 480px) {\r\n\t#huge_it_portfolio_content_2 #huge_it_portfolio_options_2 {\r\n\t\tfloat: left;\r\n\t}\r\n\t#huge_it_portfolio_content_2 #huge_it_portfolio_options_2 #sort-by{\r\n\t\tfloat: left;\r\n\t\twidth: 100% !important;\r\n\t}\r\n\t#huge_it_portfolio_content_2 #huge_it_portfolio_options_2 #port-sort-direction{\r\n\t\tfloat: left;\r\n\t\twidth: 100% !important;\r\n\t\tposition: relative;\r\n\t\tpadding-left: 31% !important;\r\n\t\tright: 31%;\r\n\t}\r\n\t#huge_it_portfolio_content_2 #huge_it_portfolio_filters_2 ul li a,\r\n\t#huge_it_portfolio_content_2 #huge_it_portfolio_filters_2 ul li a:link,\r\n\t#huge_it_portfolio_content_2 #huge_it_portfolio_filters_2 ul li a:visited {\r\n\t\tfont-size: 3vw !important;\r\n\t}\r\n\t#huge_it_portfolio_content_2 #huge_it_portfolio_options_2 ul li a {\r\n\t\tline-height: 3vw;\r\n\t\tfont-size:3vw !important;\r\n\t}\r\n}\r\n@media screen and (max-width: 420px) {\r\n\r\n\t#huge_it_portfolio_content_2 #huge_it_portfolio_filters_2 ul li a,\r\n\t#huge_it_portfolio_content_2 #huge_it_portfolio_filters_2 ul li a:link,\r\n\t#huge_it_portfolio_content_2 #huge_it_portfolio_filters_2 ul li a:visited {\r\n\t\tfont-size: 4vw !important;\r\n\t}\r\n\t#huge_it_portfolio_content_2 #huge_it_portfolio_options_2 ul li a {\r\n\t\tfont-size:4vw !important;\r\n\t}\r\n}\r\n@media screen and (max-width: 317px) {\r\n\t.portelement_2  {\r\n\t\twidth: calc(98% - 2px);\r\n\t\tmargin: 1% !important;\r\n\t\tfloat: left;\r\n\t\toverflow: hidden;\r\n\t\toutline:none;\r\n\t}\r\n}\r\n#huge-it-container-loading-overlay_2 {\r\n\twidth: 100%;\r\n\theight: 100%;\r\n\tposition: absolute;\r\n\tz-index: 1;\r\n\tbackground:  url(https:\/\/zodor.se\/productions\/wp-content\/plugins\/portfolio-gallery\/assets\/images\/loading\/loading-1.svg) center top ;\r\n\tbackground-repeat: no-repeat;\r\n\tbackground-size: 60px auto;\r\n}\r\n#huge_it_portfolio_options_and_filters_2{\r\n\tposition: relative;\r\n\tfloat: left;\r\n\twidth: 20%;\r\n\tmax-width: 180px;\r\n\tfloat:;\r\nmargin-left:1%;}\r\n<\/style>\n","protected":false},"excerpt":{"rendered":"<p>H\u00e4r finns ett par exempel p\u00e5 hemsidor som jag skapat.<\/p>\n","protected":false},"author":2,"featured_media":0,"parent":0,"menu_order":0,"comment_status":"open","ping_status":"open","template":"template-fullwidth.php","meta":{"footnotes":""},"_links":{"self":[{"href":"https:\/\/zodor.se\/productions\/wp-json\/wp\/v2\/pages\/386"}],"collection":[{"href":"https:\/\/zodor.se\/productions\/wp-json\/wp\/v2\/pages"}],"about":[{"href":"https:\/\/zodor.se\/productions\/wp-json\/wp\/v2\/types\/page"}],"author":[{"embeddable":true,"href":"https:\/\/zodor.se\/productions\/wp-json\/wp\/v2\/users\/2"}],"replies":[{"embeddable":true,"href":"https:\/\/zodor.se\/productions\/wp-json\/wp\/v2\/comments?post=386"}],"version-history":[{"count":3,"href":"https:\/\/zodor.se\/productions\/wp-json\/wp\/v2\/pages\/386\/revisions"}],"predecessor-version":[{"id":489,"href":"https:\/\/zodor.se\/productions\/wp-json\/wp\/v2\/pages\/386\/revisions\/489"}],"wp:attachment":[{"href":"https:\/\/zodor.se\/productions\/wp-json\/wp\/v2\/media?parent=386"}],"curies":[{"name":"wp","href":"https:\/\/api.w.org\/{rel}","templated":true}]}}