{"id":499,"date":"2016-05-23T19:24:40","date_gmt":"2016-05-23T17:24:40","guid":{"rendered":"https:\/\/zodor.se\/productions\/?page_id=499"},"modified":"2021-11-29T14:44:22","modified_gmt":"2021-11-29T13:44:22","slug":"penetration-test","status":"publish","type":"page","link":"https:\/\/zodor.se\/productions\/penetration-test\/","title":{"rendered":"S\u00e4kerhet"},"content":{"rendered":"<hr \/>\n<p>\u00a0<\/p>\n<p><a href=\"https:\/\/zodor.se\/productions\/wp-content\/uploads\/2016\/06\/pentest.jpeg\"><img loading=\"lazy\" decoding=\"async\" class=\"alignnone size-full wp-image-673\" src=\"https:\/\/zodor.se\/productions\/wp-content\/uploads\/2016\/06\/pentest.jpeg\" alt=\"\" width=\"315\" height=\"160\" \/><\/a><\/p>\n<p>\u00a0<\/p>\n<p>\u00a0<\/p>\n<p>Har du fr\u00e5gor om s\u00e4kerhet. Du kanske har bytt ut eller k\u00f6pt en ny dator eller WiFi-router. Den kan vara lite sv\u00e5rt att s\u00e4tta upp saker och ting r\u00e4tt s\u00e5 att dom blir s\u00e4kra.. Eller vill du kanske till och med genomf\u00f6ra ett penetrationstest av ditt n\u00e4tverk eller f\u00f6retag. Det kan jag hj\u00e4lpa till med d\u00e5 jag \u00e4r utbildad Cyber Security Specialist.<\/p>\n<p>D\u00e5 kan du h\u00f6ra av dig till mig s\u00e5 kan vi tillsammans komma fram till vad vi ska testa och kontrollera.<\/p>\n<p>Jag \u00e4r medlem av OWASP (https:\/\/www.owasp.org) som \u00e4r en frist\u00e5ende ekonomiskt oberoende organisation som hj\u00e4lper till med att s\u00e4kra upp IT-milj\u00f6er.<\/p>\n<p>\u00a0<\/p>\n\n\n<p><a href=\"https:\/\/www.facebook.com\/zodorproductions\/\">https:\/\/www.facebook.com\/zodorproductions\/<\/a><\/p>\n","protected":false},"excerpt":{"rendered":"<p>\u00a0 \u00a0 \u00a0 Har du fr\u00e5gor om s\u00e4kerhet. Du kanske har bytt ut eller k\u00f6pt en ny dator eller WiFi-router. Den kan vara lite sv\u00e5rt att s\u00e4tta upp saker och ting r\u00e4tt s\u00e5 att dom blir s\u00e4kra.. Eller vill du kanske till och med genomf\u00f6ra ett penetrationstest av ditt n\u00e4tverk eller f\u00f6retag. Det kan jag &hellip; <\/p>\n<p class=\"link-more\"><a href=\"https:\/\/zodor.se\/productions\/penetration-test\/\" class=\"more-link\">Forts\u00e4tt l\u00e4sa<span class=\"screen-reader-text\"> \u201dS\u00e4kerhet\u201d<\/span><\/a><\/p>\n","protected":false},"author":1,"featured_media":0,"parent":0,"menu_order":0,"comment_status":"closed","ping_status":"closed","template":"","meta":{"footnotes":""},"_links":{"self":[{"href":"https:\/\/zodor.se\/productions\/wp-json\/wp\/v2\/pages\/499"}],"collection":[{"href":"https:\/\/zodor.se\/productions\/wp-json\/wp\/v2\/pages"}],"about":[{"href":"https:\/\/zodor.se\/productions\/wp-json\/wp\/v2\/types\/page"}],"author":[{"embeddable":true,"href":"https:\/\/zodor.se\/productions\/wp-json\/wp\/v2\/users\/1"}],"replies":[{"embeddable":true,"href":"https:\/\/zodor.se\/productions\/wp-json\/wp\/v2\/comments?post=499"}],"version-history":[{"count":15,"href":"https:\/\/zodor.se\/productions\/wp-json\/wp\/v2\/pages\/499\/revisions"}],"predecessor-version":[{"id":742,"href":"https:\/\/zodor.se\/productions\/wp-json\/wp\/v2\/pages\/499\/revisions\/742"}],"wp:attachment":[{"href":"https:\/\/zodor.se\/productions\/wp-json\/wp\/v2\/media?parent=499"}],"curies":[{"name":"wp","href":"https:\/\/api.w.org\/{rel}","templated":true}]}}