{"id":59,"date":"2013-08-31T13:39:40","date_gmt":"2013-08-31T11:39:40","guid":{"rendered":"http:\/\/zodor.se\/productions\/?page_id=59"},"modified":"2015-05-20T20:28:46","modified_gmt":"2015-05-20T18:28:46","slug":"iphone-apps","status":"publish","type":"page","link":"https:\/\/zodor.se\/productions\/iphone-apps\/","title":{"rendered":"Appar"},"content":{"rendered":"<p><a href=\"http:\/\/zodor.se\/productions\/wp-content\/uploads\/2013\/08\/Apple.jpg\"><img loading=\"lazy\" decoding=\"async\" src=\"http:\/\/zodor.se\/productions\/wp-content\/uploads\/2013\/08\/Apple.jpg\" alt=\"Apple\" width=\"205\" height=\"246\" class=\"alignnone size-full wp-image-380\" \/><\/a><br \/>\nJag bygger appar f\u00f6r Apples produkter, och i f\u00f6rsta hand f\u00f6r iPhone och iPad. Jag har ett antal appar som jag tillverkat och jag kan g\u00f6ra specialanpassade program som kopplar ihop sig med Er hemsida eller databaser. Nedan finns en lista p\u00e5 ett antal av dom appar jag skapat.<\/p>\n<section id=\"huge_it_portfolio_content_1\"\r\n         class=\"portfolio-gallery-content \"\r\n         data-portfolio-id=\"1\">\r\n\t<div id=\"huge-it-container-loading-overlay_1\"><\/div>\r\n\t\t\t\t\t\t<div id=\"huge_it_portfolio_container_1\"\r\n\t     class=\"huge_it_portfolio_container super-list variable-sizes clearfix view-full-height\"\r\n\t     data-show-loading=\"on\"\r\n\t     data-show-center=\"center\" >\r\n\t\t\t\t\t<div\r\n\t\t\t\tclass=\"portelement portelement_1 colorbox_grouping  \" data-symbol=\"iPong\" data-category=\"alkaline-earth\">\r\n                <p style=\"display:none;\" class=\"load_date\">2017-10-20 12:50:35<\/p>\r\n                <p style=\"display:none;\" class=\"number\">24<\/p>\r\n\t\t\t\t<div class=\"default-block_1\">\r\n\t\t\t\t\t<div class=\"image-block_1 add-H-relative\">\r\n\t\t\t\t\t\t\t\t\t\t\t\t\t\t\t\t\t\t\t\t\t<a href=\"https:\/\/zodor.se\/productions\/wp-content\/uploads\/2015\/10\/Pong_Large_Icon_App_Store.png\"\r\n\t\t\t\t\t\t\t\t\t   class=\" portfolio-group1-1 \"\r\n                                       data-description=\" This is a remake of the old PONG console game with a little twist.\"\r\n\t\t\t\t\t\t\t\t\t   title=\"iPong\" data-groupID=\"1-1\">\r\n\t\t\t\t\t\t\t\t\t\t<img decoding=\"async\" alt=\"iPong\"\r\n\t\t\t\t\t\t\t\t\t\t     id=\"wd-cl-img0\" data-title=\" Pong_Large_Icon_App_Store\"\r\n\t\t\t\t\t\t\t\t\t\t     src=\"https:\/\/zodor.se\/productions\/wp-content\/uploads\/2015\/10\/Pong_Large_Icon_App_Store-1024x614.png\"\/>\r\n\t\t\t\t\t\t\t\t\t<\/a>\r\n\t\t\t\t\t\t\t\t\t\t\t\t\t\t<\/div>\r\n\t\t\t\t\t\t\t\t\t\t\t<div class=\"title-block_1\">\r\n\t\t\t\t\t\t\t<h3 class=\"title name \">iPong<\/h3>\r\n\t\t\t\t\t\t<\/div>\r\n\t\t\t\t\t\t\t\t\t<\/div>\r\n\r\n\t\t\t\t<div class=\"wd-portfolio-panel_1\" id=\"panel0\">\r\n\t\t\t\t\t\t\t\t\t\t\t<div class=\"description-block_1\">\r\n\t\t\t\t\t\t\t<p>This is a remake of the old PONG console game with a little twist.<\/p>\r\n\t\t\t\t\t\t<\/div>\r\n\t\t\t\t\t\t\t\t\t<\/div>\r\n\t\t\t<\/div>\r\n\r\n\t\t\t\t\t\t<div\r\n\t\t\t\tclass=\"portelement portelement_1 colorbox_grouping  \" data-symbol=\"SD Business\" data-category=\"alkaline-earth\">\r\n                <p style=\"display:none;\" class=\"load_date\">2017-10-20 12:50:35<\/p>\r\n                <p style=\"display:none;\" class=\"number\">16<\/p>\r\n\t\t\t\t<div class=\"default-block_1\">\r\n\t\t\t\t\t<div class=\"image-block_1 add-H-relative\">\r\n\t\t\t\t\t\t\t\t\t\t\t\t\t\t\t\t\t\t\t\t\t<a href=\"http:\/\/zodor.se\/productions\/wp-content\/uploads\/2013\/08\/BWP_Retina.png\"\r\n\t\t\t\t\t\t\t\t\t   class=\" portfolio-group2-1 \"\r\n                                       data-description=\" This app controls camera alarm systems for Securitas Direct.\"\r\n\t\t\t\t\t\t\t\t\t   title=\"SD Business\" data-groupID=\"2-1\">\r\n\t\t\t\t\t\t\t\t\t\t<img decoding=\"async\" alt=\"SD Business\"\r\n\t\t\t\t\t\t\t\t\t\t     id=\"wd-cl-img1\" data-title=\" BWP_Retina\"\r\n\t\t\t\t\t\t\t\t\t\t     src=\"https:\/\/zodor.se\/productions\/wp-content\/uploads\/2013\/08\/BWP_Retina.png\"\/>\r\n\t\t\t\t\t\t\t\t\t<\/a>\r\n\t\t\t\t\t\t\t\t\t\t\t\t\t\t<\/div>\r\n\t\t\t\t\t\t\t\t\t\t\t<div class=\"title-block_1\">\r\n\t\t\t\t\t\t\t<h3 class=\"title name \">SD Business<\/h3>\r\n\t\t\t\t\t\t<\/div>\r\n\t\t\t\t\t\t\t\t\t<\/div>\r\n\r\n\t\t\t\t<div class=\"wd-portfolio-panel_1\" id=\"panel1\">\r\n\t\t\t\t\t\t\t\t\t\t\t<div class=\"description-block_1\">\r\n\t\t\t\t\t\t\t<p>This app controls camera alarm systems for Securitas Direct.<\/p>\r\n\t\t\t\t\t\t<\/div>\r\n\t\t\t\t\t\t\t\t\t\t\t<div class=\"button-block\">\r\n\t\t\t\t\t\t\t<a href=\"https:\/\/itunes.apple.com\/se\/app\/sd-business\/id599990061?mt=8\" >View More<\/a>\r\n\t\t\t\t\t\t<\/div>\r\n\t\t\t\t\t\t\t\t\t<\/div>\r\n\t\t\t<\/div>\r\n\r\n\t\t\t\t\t\t<div\r\n\t\t\t\tclass=\"portelement portelement_1 colorbox_grouping  \" data-symbol=\"Kropp i Fokus\" data-category=\"alkaline-earth\">\r\n                <p style=\"display:none;\" class=\"load_date\">2017-10-20 12:50:35<\/p>\r\n                <p style=\"display:none;\" class=\"number\">15<\/p>\r\n\t\t\t\t<div class=\"default-block_1\">\r\n\t\t\t\t\t<div class=\"image-block_1 add-H-relative\">\r\n\t\t\t\t\t\t\t\t\t\t\t\t\t\t\t\t\t\t\t\t\t<a href=\"http:\/\/zodor.se\/productions\/wp-content\/uploads\/2013\/08\/Green_LeafLeaf_large1.png\"\r\n\t\t\t\t\t\t\t\t\t   class=\" portfolio-group3-1 \"\r\n                                       data-description=\" Detta \u00e4r en app d\u00e4r man kan boka behandlingar och l\u00e4sa nyheter hos min frus massage-f\u00f6retag.\"\r\n\t\t\t\t\t\t\t\t\t   title=\"Kropp i Fokus\" data-groupID=\"3-1\">\r\n\t\t\t\t\t\t\t\t\t\t<img decoding=\"async\" alt=\"Kropp i Fokus\"\r\n\t\t\t\t\t\t\t\t\t\t     id=\"wd-cl-img2\" data-title=\" Kropp i Fokus\"\r\n\t\t\t\t\t\t\t\t\t\t     src=\"https:\/\/zodor.se\/productions\/wp-content\/uploads\/2013\/08\/Green_LeafLeaf_large1.png\"\/>\r\n\t\t\t\t\t\t\t\t\t<\/a>\r\n\t\t\t\t\t\t\t\t\t\t\t\t\t\t<\/div>\r\n\t\t\t\t\t\t\t\t\t\t\t<div class=\"title-block_1\">\r\n\t\t\t\t\t\t\t<h3 class=\"title name \">Kropp i Fokus<\/h3>\r\n\t\t\t\t\t\t<\/div>\r\n\t\t\t\t\t\t\t\t\t<\/div>\r\n\r\n\t\t\t\t<div class=\"wd-portfolio-panel_1\" id=\"panel2\">\r\n\t\t\t\t\t\t\t\t\t\t\t<div class=\"description-block_1\">\r\n\t\t\t\t\t\t\t<p>Detta \u00e4r en app d\u00e4r man kan boka behandlingar och l\u00e4sa nyheter hos min frus massage-f\u00f6retag.<\/p>\r\n\t\t\t\t\t\t<\/div>\r\n\t\t\t\t\t\t\t\t\t\t\t<div class=\"button-block\">\r\n\t\t\t\t\t\t\t<a href=\"https:\/\/itunes.apple.com\/us\/app\/kropp-i-fokus\/id702487888\" >View More<\/a>\r\n\t\t\t\t\t\t<\/div>\r\n\t\t\t\t\t\t\t\t\t<\/div>\r\n\t\t\t<\/div>\r\n\r\n\t\t\t\t\t\t<div\r\n\t\t\t\tclass=\"portelement portelement_1 colorbox_grouping  \" data-symbol=\"Vectorizer\" data-category=\"alkaline-earth\">\r\n                <p style=\"display:none;\" class=\"load_date\">2017-10-20 12:50:35<\/p>\r\n                <p style=\"display:none;\" class=\"number\">14<\/p>\r\n\t\t\t\t<div class=\"default-block_1\">\r\n\t\t\t\t\t<div class=\"image-block_1 add-H-relative\">\r\n\t\t\t\t\t\t\t\t\t\t\t\t\t\t\t\t\t\t\t\t\t<a href=\"http:\/\/zodor.se\/productions\/wp-content\/uploads\/2013\/08\/ikon_144x144.png\"\r\n\t\t\t\t\t\t\t\t\t   class=\" portfolio-group4-1 \"\r\n                                       data-description=\" The apps purpose is to make it easy to capture a cool picture at any time, and send it to our graphical artist that will convert the picture to a vectorized version. The app was published in May 2013 on Appstore.\"\r\n\t\t\t\t\t\t\t\t\t   title=\"Vectorizer\" data-groupID=\"4-1\">\r\n\t\t\t\t\t\t\t\t\t\t<img decoding=\"async\" alt=\"Vectorizer\"\r\n\t\t\t\t\t\t\t\t\t\t     id=\"wd-cl-img3\" data-title=\" ikon_144x144\"\r\n\t\t\t\t\t\t\t\t\t\t     src=\"https:\/\/zodor.se\/productions\/wp-content\/uploads\/2013\/08\/ikon_144x144.png\"\/>\r\n\t\t\t\t\t\t\t\t\t<\/a>\r\n\t\t\t\t\t\t\t\t\t\t\t\t\t\t<\/div>\r\n\t\t\t\t\t\t\t\t\t\t\t<div class=\"title-block_1\">\r\n\t\t\t\t\t\t\t<h3 class=\"title name \">Vectorizer<\/h3>\r\n\t\t\t\t\t\t<\/div>\r\n\t\t\t\t\t\t\t\t\t<\/div>\r\n\r\n\t\t\t\t<div class=\"wd-portfolio-panel_1\" id=\"panel3\">\r\n\t\t\t\t\t\t\t\t\t\t\t<div class=\"description-block_1\">\r\n\t\t\t\t\t\t\t<p>The apps purpose is to make it easy to capture a cool picture at any time, and send it to our graphical artist that will convert the picture to a vectorized version. The app was published in May 2013 on Appstore.<\/p>\r\n\t\t\t\t\t\t<\/div>\r\n\t\t\t\t\t\t\t\t\t\t\t<div class=\"button-block\">\r\n\t\t\t\t\t\t\t<a href=\"https:\/\/itunes.apple.com\/se\/app\/vectorizer\/id633262583\" >View More<\/a>\r\n\t\t\t\t\t\t<\/div>\r\n\t\t\t\t\t\t\t\t\t<\/div>\r\n\t\t\t<\/div>\r\n\r\n\t\t\t\t\t\t<div\r\n\t\t\t\tclass=\"portelement portelement_1 colorbox_grouping  \" data-symbol=\"My Far Apart Friends\" data-category=\"alkaline-earth\">\r\n                <p style=\"display:none;\" class=\"load_date\">2017-10-20 12:50:35<\/p>\r\n                <p style=\"display:none;\" class=\"number\">13<\/p>\r\n\t\t\t\t<div class=\"default-block_1\">\r\n\t\t\t\t\t<div class=\"image-block_1 add-H-relative\">\r\n\t\t\t\t\t\t\t\t\t\t\t\t\t\t\t\t\t\t\t\t\t<a href=\"http:\/\/zodor.se\/productions\/wp-content\/uploads\/2013\/08\/ikon_114x114.png\"\r\n\t\t\t\t\t\t\t\t\t   class=\" portfolio-group5-1 \"\r\n                                       data-description=\" A completely new type of game. The games goal is to see who can get furthest apart from his\/her friends as possible with this game on Facebook. Check in when you feel that you  have a good possibility to be a very long distance away from your Facebook friends and your friend(s) must also have checked in earlier.\"\r\n\t\t\t\t\t\t\t\t\t   title=\"My Far Apart Friends\" data-groupID=\"5-1\">\r\n\t\t\t\t\t\t\t\t\t\t<img decoding=\"async\" alt=\"My Far Apart Friends\"\r\n\t\t\t\t\t\t\t\t\t\t     id=\"wd-cl-img4\" data-title=\" ikon_114x114\"\r\n\t\t\t\t\t\t\t\t\t\t     src=\"https:\/\/zodor.se\/productions\/wp-content\/uploads\/2013\/08\/ikon_114x114.png\"\/>\r\n\t\t\t\t\t\t\t\t\t<\/a>\r\n\t\t\t\t\t\t\t\t\t\t\t\t\t\t<\/div>\r\n\t\t\t\t\t\t\t\t\t\t\t<div class=\"title-block_1\">\r\n\t\t\t\t\t\t\t<h3 class=\"title name \">My Far Apart Friends<\/h3>\r\n\t\t\t\t\t\t<\/div>\r\n\t\t\t\t\t\t\t\t\t<\/div>\r\n\r\n\t\t\t\t<div class=\"wd-portfolio-panel_1\" id=\"panel4\">\r\n\t\t\t\t\t\t\t\t\t\t\t<div class=\"description-block_1\">\r\n\t\t\t\t\t\t\t<p>A completely new type of game. The games goal is to see who can get furthest apart from his\/her friends as possible with this game on Facebook. Check in when you feel that you  have a good possibility to be a very long distance away from your Facebook friends and your friend(s) must also have checked in earlier.<\/p>\r\n\t\t\t\t\t\t<\/div>\r\n\t\t\t\t\t\t\t\t\t\t\t<div class=\"button-block\">\r\n\t\t\t\t\t\t\t<a href=\"https:\/\/itunes.apple.com\/se\/app\/kropp-i-fokus\/id702487888\" >View More<\/a>\r\n\t\t\t\t\t\t<\/div>\r\n\t\t\t\t\t\t\t\t\t<\/div>\r\n\t\t\t<\/div>\r\n\r\n\t\t\t\t\t\t<div\r\n\t\t\t\tclass=\"portelement portelement_1 colorbox_grouping  \" data-symbol=\"Pax Haiku\" data-category=\"alkaline-earth\">\r\n                <p style=\"display:none;\" class=\"load_date\">2017-10-20 12:50:35<\/p>\r\n                <p style=\"display:none;\" class=\"number\">12<\/p>\r\n\t\t\t\t<div class=\"default-block_1\">\r\n\t\t\t\t\t<div class=\"image-block_1 add-H-relative\">\r\n\t\t\t\t\t\t\t\t\t\t\t\t\t\t\t\t\t\t\t\t\t<a href=\"http:\/\/zodor.se\/productions\/wp-content\/uploads\/2013\/10\/ikon_114x114.png\"\r\n\t\t\t\t\t\t\t\t\t   class=\" portfolio-group6-1 \"\r\n                                       data-description=\" This is an app for all who love poetry and especially the Japanese Haiku poems. Per-Axel Hall (Pax) is the author of all the poems in the app.\"\r\n\t\t\t\t\t\t\t\t\t   title=\"Pax Haiku\" data-groupID=\"6-1\">\r\n\t\t\t\t\t\t\t\t\t\t<img decoding=\"async\" alt=\"Pax Haiku\"\r\n\t\t\t\t\t\t\t\t\t\t     id=\"wd-cl-img5\" data-title=\" Pax Haiku\"\r\n\t\t\t\t\t\t\t\t\t\t     src=\"https:\/\/zodor.se\/productions\/wp-content\/uploads\/2013\/10\/ikon_114x114.png\"\/>\r\n\t\t\t\t\t\t\t\t\t<\/a>\r\n\t\t\t\t\t\t\t\t\t\t\t\t\t\t<\/div>\r\n\t\t\t\t\t\t\t\t\t\t\t<div class=\"title-block_1\">\r\n\t\t\t\t\t\t\t<h3 class=\"title name \">Pax Haiku<\/h3>\r\n\t\t\t\t\t\t<\/div>\r\n\t\t\t\t\t\t\t\t\t<\/div>\r\n\r\n\t\t\t\t<div class=\"wd-portfolio-panel_1\" id=\"panel5\">\r\n\t\t\t\t\t\t\t\t\t\t\t<div class=\"description-block_1\">\r\n\t\t\t\t\t\t\t<p>This is an app for all who love poetry and especially the Japanese Haiku poems. Per-Axel Hall (Pax) is the author of all the poems in the app.<\/p>\r\n\t\t\t\t\t\t<\/div>\r\n\t\t\t\t\t\t\t\t\t\t\t<div class=\"button-block\">\r\n\t\t\t\t\t\t\t<a href=\"https:\/\/itunes.apple.com\/se\/app\/pax-haiku\/id719117079?mt=8\" >View More<\/a>\r\n\t\t\t\t\t\t<\/div>\r\n\t\t\t\t\t\t\t\t\t<\/div>\r\n\t\t\t<\/div>\r\n\r\n\t\t\t\t<\/div>\r\n<\/section><style>\r\n.portelement_1 .play-icon.youtube-icon  {\r\n\tbackground: url(https:\/\/zodor.se\/productions\/wp-content\/plugins\/portfolio-gallery\/assets\/images\/admin_images\/play.youtube.png) center center no-repeat;\r\n\tbackground-size: 30% 30%;\r\n}\r\n.portelement_1 .play-icon.vimeo-icon  {\r\n\tbackground: url(https:\/\/zodor.se\/productions\/wp-content\/plugins\/portfolio-gallery\/assets\/images\/admin_images\/play.vimeo.png) center center no-repeat;\r\n\tbackground-size: 30% 30%;\r\n}\r\n.portelement_1 .play-icon {\r\n\tposition: absolute;\r\n\ttop : 0;\r\n\tleft : 0;\r\n\twidth: 100%;\r\n\theight: 100%;\r\n}\r\n.portelement_1 .add-H-relative {\r\n\tposition: relative;\r\n}\r\n.portelement_1 {\r\n\twidth: 277px !important;\r\n\tmax-width: calc(100% - 10px);\r\n\theight:auto;\r\n\tmargin: 5px 0 5px 0;\r\n\tfloat: left;\r\n\toverflow: hidden;\r\n\tposition: relative;\r\n\toutline:none;\r\n\tbackground:#f7f7f7;\r\n\tborder:1px solid #D0D0D0;\r\n\tbox-sizing: border-box;\r\n}\r\n\r\n.default-block_1 {\r\n\tposition:relative;;\r\n\twidth:100%;\r\n}\r\n\r\n.default-block_1 .image-block_1 {\r\n\tmargin :0;\r\n\tpadding :0;\r\n\tline-height :0;\r\n\tborder-bottom:1px solid #D0D0D0;\r\n}\r\n\r\n.default-block_1 img {\r\n\tmargin :0 !important;\r\n\tpadding :0 !important;\r\n\twidth: 100%;\r\n\tborder-radius :0;\r\n        display: inline-block;\r\n}\r\n\r\n.default-block_1 .title-block_1 {\r\n\tdisplay:block;\r\n\theight:auto;\r\n\tpadding:10px 0 10px 0;\r\n\twidth:100%;\r\n\ttext-overflow: ellipsis;\r\n}\r\n\r\n.default-block_1 .title-block_1 h3 {\r\n\tposition:relative;\r\n\tmargin :0 !important;\r\n\tpadding :0 5px 0 5px !important;\r\n\tmax-width:275px !important;\r\n\twidth: 100%;\r\n\ttext-overflow: ellipsis;\r\n\toverflow: hidden;\r\n\t\/*white-space:nowrap;*\/\r\n\tfont-weight:normal;\r\n\tcolor:#555555;\r\n\tfont-size:15px !important;\r\n\tline-height:19px !important;\r\n}\r\n\r\n\r\n.wd-portfolio-panel_1 {\r\n\tposition: relative;\r\n\tdisplay:block;\r\n\twidth: calc(100% - 10px);\r\n\tmargin:0 5px 0 5px;\r\n\tpadding :0;\r\n\ttext-align:left;\r\n}\r\n\r\n.wd-portfolio-panel_1 .description-block_1 p,.wd-portfolio-panel_1 .description-block_1 * {\r\n\ttext-align:justify;\r\n\tfont-size:14px !important;\r\n\tcolor:#5b5b5b;\r\n\tmargin :0 !important;\r\n\tpadding :0 !important;\r\n}\r\n\r\n\r\n.wd-portfolio-panel_1 .description-block_1 h1,\r\n.wd-portfolio-panel_1 .description-block_1 h2,\r\n.wd-portfolio-panel_1 .description-block_1 h3,\r\n.wd-portfolio-panel_1 .description-block_1 h4,\r\n.wd-portfolio-panel_1 .description-block_1 h5,\r\n.wd-portfolio-panel_1 .description-block_1 h6,\r\n.wd-portfolio-panel_1 .description-block_1 p,\r\n.wd-portfolio-panel_1 .description-block_1 strong,\r\n.wd-portfolio-panel_1 .description-block_1 span {\r\n\tpadding:2px !important;\r\n\tmargin :0 !important;\r\n}\r\n\r\n.wd-portfolio-panel_1 .description-block_1 ul,\r\n.wd-portfolio-panel_1 .description-block_1 li {\r\n\tpadding:2px 0 2px 5px;\r\n\tmargin :0 0 0 8px;\r\n}\r\n\r\n\r\n.wd-portfolio-panel_1 .thumbs-list_1 {\r\n\tlist-style:none;\r\n\tclear:both;\r\n\tdisplay:table;\r\n\twidth:100%;\r\n\tpadding :0;\r\n\tmargin:3px 0 0 0;\r\n\ttext-align:center;\r\n}\r\n\r\n.wd-portfolio-panel_1 .thumbs-list_1 li {\r\n\tdisplay:inline-block;\r\n\tmargin :0 3px 0 2px;\r\n}\r\n\r\n.wd-portfolio-panel_1 .thumbs-list_1 li a {\r\n\tdisplay:block;\r\n\twidth:75px;\r\n\theight:75px;\r\n\topacity:0.7;\r\n\tdisplay:table;\r\n\tborder: none;\r\n\tbox-shadow: none;\r\n\r\n}\r\n\r\n.wd-portfolio-panel_1 .thumbs-list_1 li a:hover {\r\n\topacity:1;\r\n}\r\n\r\n.wd-portfolio-panel_1 img {\r\n\tmargin :0 !important;\r\n\tpadding :0 !important;\r\n\tdisplay:table-cell;\r\n\tvertical-align:middle;\r\n\twidth:75px !important;\r\n\tmax-height:75px !important;\r\n\twidth:100%;\r\n\theight:100%;\r\n}\r\n\r\n.wd-portfolio-panel_1 > div {\r\n\tpadding-top:10px;\r\n\tmargin-bottom:10px;\r\n\tbackground:url('https:\/\/zodor.se\/productions\/wp-content\/plugins\/portfolio-gallery\/assets\/images\/admin_images\/divider.line.png') center top repeat-x;\r\n}\r\n\r\n.wd-portfolio-panel_1 .button-block {\r\n\tpadding-top:10px;\r\n\tmargin-bottom:10px;\r\n\r\n}\r\n\r\n.wd-portfolio-panel_1 .button-block a, .wd-portfolio-panel_1 .button-block a:link, .wd-portfolio-panel_1 .button-block a:visited {\r\n\tpadding:10px;\r\n\tdisplay:inline-block;\r\n\tfont-size:14px;\r\n\tbackground:#e74c3c;\r\n\tcolor:#ffffff;\r\n\tpadding:6px 12px;\r\n\ttext-decoration:none;\r\n}\r\n\r\n.wd-portfolio-panel_1 .button-block a:hover, .wd-portfolio-panel_1 .button-block a:focus, .wd-portfolio-panel_1 .button-block a:active {\r\n\tbackground:#df2e1b;\r\n\tcolor:#ffffff;\r\n\ttext-decoration:none;\r\n}\r\n\r\n#huge_it_portfolio_content_1 #huge_it_portfolio_options_1 {\r\n\tposition: relative;\r\n\toverflow: hidden;\r\nfloat:;margin-top:5px;max-width:180px;width:20%;display:inline-block;margin-left:1%;\r\nopacity: 0;\tmargin-bottom: 10px;\r\n}\r\n\r\n#huge_it_portfolio_content_1 #huge_it_portfolio_options_1 ul {\r\n\tmargin : 0 !important;\r\n\tpadding : 0 !important;\r\n\tlist-style: none;\r\n}\r\n\r\n#huge_it_portfolio_content_1 #huge_it_portfolio_filters_1 ul {\r\n\tmargin : 0 !important;\r\n\tpadding : 0 !important;\r\n\toverflow: hidden;\r\n\twidth: 100%;\r\n}\r\n\r\n#huge_it_portfolio_content_1 #huge_it_portfolio_options_1 ul {\r\n\tfloat: left;\r\n}\r\n\r\n\r\n#huge_it_portfolio_content_1 #huge_it_portfolio_options_1 ul li {\r\n\tborder-radius: 0px;\r\n\tlist-style-type: none;\r\n\tmargin : 0 !important;\r\n\tpadding: 0;\r\nborder: 1px solid #ccc;}\r\n\r\n#huge_it_portfolio_content_1 #huge_it_portfolio_options_1 ul li a {\r\n\tbackground-color: #F7F7F7 !important;\r\n\tborder-radius: 0px;\r\n\tfont-size:14px !important;\r\n\tcolor:#555555 !important;\r\n\ttext-decoration: none;\r\n\tcursor: pointer;\r\n\tmargin : 0 !important;\r\n\tdisplay: block;\r\n\tpadding:3px;\r\n}\r\n\r\n#huge_it_portfolio_content_1 #huge_it_portfolio_options_1 ul li a:hover {\r\n\tbackground-color: #FF3845 !important;\r\n\tcolor:#ffffff !important;\r\n\tcursor: pointer;\r\n}\r\n\r\n#huge_it_portfolio_content_1 #huge_it_portfolio_filters_1 {\r\n\tposition: relative;\r\n\toverflow: hidden;\r\nfloat:;margin-top:5px;max-width:180px;width:20%;display:inline-block;margin-left:1%;\r\nopacity: 0;}\r\n\r\n#huge_it_portfolio_content_1 #huge_it_portfolio_filters_1 ul li {\r\n\tlist-style-type: none;\r\n\tborder-radius: 0px;\r\nborder: 1px solid #ccc;}\r\n\r\n#huge_it_portfolio_content_1 #huge_it_portfolio_filters_1 ul li a {\r\n\tfont-size:14px !important;\r\n\tcolor:#555555 !important;\r\n\tbackground-color: #F7F7F7 !important;\r\n\tborder-radius: 0px;\r\n\tpadding:3px;\r\n\tdisplay: block;\r\n\ttext-decoration: none;\r\n}\r\n\r\n#huge_it_portfolio_content_1 #huge_it_portfolio_filters_1  ul li a:hover {\r\n\tcolor:#ffffff !important;\r\n\tbackground-color: #FF3845 !important;\r\n\tcursor: pointer\r\n}\r\n#huge_it_portfolio_content_1 #huge_it_portfolio_filters_1 ul li.active a,\r\n#huge_it_portfolio_content_1 #huge_it_portfolio_filters_1 ul li.active a:link,\r\n#huge_it_portfolio_content_1 #huge_it_portfolio_filters_1 ul li.active a:visited,\r\n#huge_it_portfolio_content_1 #huge_it_portfolio_filters_1  ul li.active a:hover,\r\n#huge_it_portfolio_content_1 #huge_it_portfolio_filters_1  ul li.active a:focus,\r\n#huge_it_portfolio_content_1 #huge_it_portfolio_filters_1  ul li.active a:active {\r\n\tcolor:#ffffff !important;\r\n\tbackground-color: #FF3845 !important;\r\n\tcursor: pointer;\r\n}\r\n#huge_it_portfolio_content_1 section {\r\n\tposition:relative;\r\n\tdisplay:block;\r\n}\r\n\r\n#huge_it_portfolio_content_1 #huge_it_portfolio_container_1 {\r\n\twidth: 79%;\r\n\tmax-width: 100% !important;\r\nwidth:100%;opacity: 0;}\r\n#huge_it_portfolio_content_1 #huge_it_portfolio_options_1 #port-sort-direction{\r\n\tposition: static;\r\n}\r\n@media screen and (max-width: 768px) {\r\n\r\n\t#huge_it_portfolio_content_1 #huge_it_portfolio_filters_1 ul li a,\r\n\t#huge_it_portfolio_content_1 #huge_it_portfolio_filters_1 ul li a:link,\r\n\t#huge_it_portfolio_content_1 #huge_it_portfolio_filters_1 ul li a:visited {\r\n\t\tfont-size: 2vw !important;\r\n\t}\r\n\t#huge_it_portfolio_content_1 #huge_it_portfolio_options_1 ul li a {\r\n\t\tfont-size:2vw !important;\r\n\t}\r\n\r\n}\r\n@media screen and (max-width: 480px) {\r\n\t#huge_it_portfolio_content_1 #huge_it_portfolio_options_1 {\r\n\t\tfloat: left;\r\n\t}\r\n\t#huge_it_portfolio_content_1 #huge_it_portfolio_options_1 #sort-by{\r\n\t\tfloat: left;\r\n\t\twidth: 100% !important;\r\n\t}\r\n\t#huge_it_portfolio_content_1 #huge_it_portfolio_options_1 #port-sort-direction{\r\n\t\tfloat: left;\r\n\t\twidth: 100% !important;\r\n\t\tposition: relative;\r\n\t\tpadding-left: 31% !important;\r\n\t\tright: 31%;\r\n\t}\r\n\t#huge_it_portfolio_content_1 #huge_it_portfolio_filters_1 ul li a,\r\n\t#huge_it_portfolio_content_1 #huge_it_portfolio_filters_1 ul li a:link,\r\n\t#huge_it_portfolio_content_1 #huge_it_portfolio_filters_1 ul li a:visited {\r\n\t\tfont-size: 3vw !important;\r\n\t}\r\n\t#huge_it_portfolio_content_1 #huge_it_portfolio_options_1 ul li a {\r\n\t\tline-height: 3vw;\r\n\t\tfont-size:3vw !important;\r\n\t}\r\n}\r\n@media screen and (max-width: 420px) {\r\n\r\n\t#huge_it_portfolio_content_1 #huge_it_portfolio_filters_1 ul li a,\r\n\t#huge_it_portfolio_content_1 #huge_it_portfolio_filters_1 ul li a:link,\r\n\t#huge_it_portfolio_content_1 #huge_it_portfolio_filters_1 ul li a:visited {\r\n\t\tfont-size: 4vw !important;\r\n\t}\r\n\t#huge_it_portfolio_content_1 #huge_it_portfolio_options_1 ul li a {\r\n\t\tfont-size:4vw !important;\r\n\t}\r\n}\r\n@media screen and (max-width: 317px) {\r\n\t.portelement_1  {\r\n\t\twidth: calc(98% - 2px);\r\n\t\tmargin: 1% !important;\r\n\t\tfloat: left;\r\n\t\toverflow: hidden;\r\n\t\toutline:none;\r\n\t}\r\n}\r\n#huge-it-container-loading-overlay_1 {\r\n\twidth: 100%;\r\n\theight: 100%;\r\n\tposition: absolute;\r\n\tz-index: 1;\r\n\tbackground:  url(https:\/\/zodor.se\/productions\/wp-content\/plugins\/portfolio-gallery\/assets\/images\/loading\/loading-1.svg) center top ;\r\n\tbackground-repeat: no-repeat;\r\n\tbackground-size: 60px auto;\r\n}\r\n#huge_it_portfolio_options_and_filters_1{\r\n\tposition: relative;\r\n\tfloat: left;\r\n\twidth: 20%;\r\n\tmax-width: 180px;\r\n\tfloat:;\r\nmargin-left:1%;}\r\n<\/style>\n","protected":false},"excerpt":{"rendered":"<p>Jag bygger appar f\u00f6r Apples produkter, och i f\u00f6rsta hand f\u00f6r iPhone och iPad. Jag har ett antal appar som jag tillverkat och jag kan g\u00f6ra specialanpassade program som kopplar ihop sig med Er hemsida eller databaser. Nedan finns en lista p\u00e5 ett antal av dom appar jag skapat.<\/p>\n","protected":false},"author":1,"featured_media":0,"parent":0,"menu_order":0,"comment_status":"open","ping_status":"open","template":"","meta":{"footnotes":""},"_links":{"self":[{"href":"https:\/\/zodor.se\/productions\/wp-json\/wp\/v2\/pages\/59"}],"collection":[{"href":"https:\/\/zodor.se\/productions\/wp-json\/wp\/v2\/pages"}],"about":[{"href":"https:\/\/zodor.se\/productions\/wp-json\/wp\/v2\/types\/page"}],"author":[{"embeddable":true,"href":"https:\/\/zodor.se\/productions\/wp-json\/wp\/v2\/users\/1"}],"replies":[{"embeddable":true,"href":"https:\/\/zodor.se\/productions\/wp-json\/wp\/v2\/comments?post=59"}],"version-history":[{"count":13,"href":"https:\/\/zodor.se\/productions\/wp-json\/wp\/v2\/pages\/59\/revisions"}],"predecessor-version":[{"id":383,"href":"https:\/\/zodor.se\/productions\/wp-json\/wp\/v2\/pages\/59\/revisions\/383"}],"wp:attachment":[{"href":"https:\/\/zodor.se\/productions\/wp-json\/wp\/v2\/media?parent=59"}],"curies":[{"name":"wp","href":"https:\/\/api.w.org\/{rel}","templated":true}]}}